{"id":7,"date":"2021-11-30T15:40:23","date_gmt":"2021-11-30T14:40:23","guid":{"rendered":"https:\/\/dentalsolutions.ch\/wordpress2\/?page_id=7"},"modified":"2025-03-25T09:55:33","modified_gmt":"2025-03-25T08:55:33","slug":"contact","status":"publish","type":"page","link":"https:\/\/dentalsolutions.ch\/wordpress2\/contact\/","title":{"rendered":"Contact"},"content":{"rendered":"\r\n<p><strong> DENTALSOLUTIONS\u00a0 \u00a0<\/strong>Rue Louis de Savoie 57, 1110 Morges<br \/><strong>\u00a0 021 801 78 16<\/strong><\/p>\r\n<p><strong>Horaires cabinet\u00a0<\/strong><br \/>Lundi \u00e0 jeudi\u00a0 \u00a08h &#8211; 18h <br \/>Ven\u00addredi\u00a0 \u00a0 \u00a0 \u00a0 \u00a0 8h &#8211; 16h<\/p>\r\n<p><strong>R\u00e9ception et t\u00e9l\u00e9phone\u00a0<\/strong><br \/>Lundi \u00e0 jeudi\u00a0 \u00a08h &#8211; 16h <br \/>Ven\u00addredi\u00a0 \u00a0 \u00a0 \u00a0 \u00a0 8h &#8211; 12h<\/p>\r\n<p><a href=\"mailto:info@dentalsolutions.ch\"><strong>Envoyez-nous un mail<\/strong><\/a><\/p>\r\n","protected":false},"excerpt":{"rendered":"<p>DENTALSOLUTIONS\u00a0 \u00a0Rue Louis de Savoie 57, 1110 Morges\u00a0 021 801 78 16 Horaires cabinet\u00a0Lundi \u00e0 jeudi\u00a0 \u00a08h &#8211; 18h Ven\u00addredi\u00a0 \u00a0 \u00a0 \u00a0 \u00a0 8h &#8211; 16h R\u00e9ception et t\u00e9l\u00e9phone\u00a0Lundi \u00e0 jeudi\u00a0 \u00a08h &#8211; 16h Ven\u00addredi\u00a0 \u00a0 \u00a0 \u00a0 \u00a0 8h &#8211; 12h Envoyez-nous un mail<\/p>\n","protected":false},"author":1,"featured_media":375,"parent":0,"menu_order":0,"comment_status":"closed","ping_status":"closed","template":"","meta":[],"acf":[],"_links":{"self":[{"href":"https:\/\/dentalsolutions.ch\/wordpress2\/wp-json\/wp\/v2\/pages\/7"}],"collection":[{"href":"https:\/\/dentalsolutions.ch\/wordpress2\/wp-json\/wp\/v2\/pages"}],"about":[{"href":"https:\/\/dentalsolutions.ch\/wordpress2\/wp-json\/wp\/v2\/types\/page"}],"author":[{"embeddable":true,"href":"https:\/\/dentalsolutions.ch\/wordpress2\/wp-json\/wp\/v2\/users\/1"}],"replies":[{"embeddable":true,"href":"https:\/\/dentalsolutions.ch\/wordpress2\/wp-json\/wp\/v2\/comments?post=7"}],"version-history":[{"count":18,"href":"https:\/\/dentalsolutions.ch\/wordpress2\/wp-json\/wp\/v2\/pages\/7\/revisions"}],"predecessor-version":[{"id":620,"href":"https:\/\/dentalsolutions.ch\/wordpress2\/wp-json\/wp\/v2\/pages\/7\/revisions\/620"}],"wp:featuredmedia":[{"embeddable":true,"href":"https:\/\/dentalsolutions.ch\/wordpress2\/wp-json\/wp\/v2\/media\/375"}],"wp:attachment":[{"href":"https:\/\/dentalsolutions.ch\/wordpress2\/wp-json\/wp\/v2\/media?parent=7"}],"curies":[{"name":"wp","href":"https:\/\/api.w.org\/{rel}","templated":true}]}}